{"id":908,"date":"2024-11-28T00:44:30","date_gmt":"2024-11-28T05:44:30","guid":{"rendered":"https:\/\/wcbusinesslog.com\/index.php\/about\/"},"modified":"2024-11-28T11:02:53","modified_gmt":"2024-11-28T16:02:53","slug":"nosotros","status":"publish","type":"page","link":"https:\/\/wcbusinesslog.com\/index.php\/nosotros\/","title":{"rendered":"NOSOTROS"},"content":{"rendered":"\n<div class=\"wp-block-uagb-container uagb-block-93bb43df alignfull uagb-is-root-container\">\n<div class=\"wp-block-uagb-advanced-heading uagb-block-60b4616a\"><h1 class=\"uagb-heading-text\"><strong>World Cargo Business Log<\/strong><\/h1><\/div>\n<\/div>\n\n\n\n<div class=\"wp-block-uagb-container uagb-block-e65fdd54 alignfull uagb-is-root-container\"><div class=\"uagb-container-inner-blocks-wrap\">\n<div class=\"wp-block-uagb-container uagb-block-68fd96de\">\n<p style=\"margin-top:0;margin-right:0;margin-bottom:0;margin-left:0\">Somos una empresa colombiana comprometida con la prestaci\u00f3n de servicios de apoyo en operaciones log\u00edsticas a nivel nacional e internacional. <br><br>Nuestro enfoque abarca la manipulaci\u00f3n de carga y la gesti\u00f3n integral de la cadena log\u00edstica del transporte de mercanc\u00edas. Contamos con un equipo altamente calificado y especializado en todas las \u00e1reas, lo que nos permite ofrecer soluciones log\u00edsticas de calidad que satisfacen tus necesidades y superan tus expectativas.<\/p>\n<\/div>\n\n\n\n<div class=\"wp-block-uagb-container uagb-block-43110f3c\">\n<figure class=\"wp-block-image aligncenter size-large is-resized\"><img decoding=\"async\" loading=\"lazy\" src=\"https:\/\/wcbusinesslog.com\/wp-content\/uploads\/2024\/01\/cropped-IMG-20230607-WA0022-1-1024x716.jpg\" alt=\"\" class=\"wp-image-1566\" width=\"432\" height=\"302\" srcset=\"https:\/\/wcbusinesslog.com\/wp-content\/uploads\/2024\/01\/cropped-IMG-20230607-WA0022-1-1024x716.jpg 1024w, https:\/\/wcbusinesslog.com\/wp-content\/uploads\/2024\/01\/cropped-IMG-20230607-WA0022-1-300x210.jpg 300w, https:\/\/wcbusinesslog.com\/wp-content\/uploads\/2024\/01\/cropped-IMG-20230607-WA0022-1-768x537.jpg 768w, https:\/\/wcbusinesslog.com\/wp-content\/uploads\/2024\/01\/cropped-IMG-20230607-WA0022-1-600x420.jpg 600w, https:\/\/wcbusinesslog.com\/wp-content\/uploads\/2024\/01\/cropped-IMG-20230607-WA0022-1.jpg 1285w\" sizes=\"(max-width: 432px) 100vw, 432px\" \/><\/figure>\n<\/div>\n<\/div><\/div>\n\n\n\n<div class=\"wp-block-uagb-container uagb-block-78a2b7a1 alignfull uagb-is-root-container\"><div class=\"uagb-container-inner-blocks-wrap\">\n<div class=\"wp-block-group is-content-justification-center is-nowrap is-layout-flex wp-container-1\">\n<div class=\"wp-block-uagb-container uagb-block-8a5eae4b\">\n<div class=\"wp-block-uagb-advanced-heading uagb-block-abb75af4\"><h1 class=\"uagb-heading-text\"><strong>Misi\u00f3n<\/strong><\/h1><\/div>\n<\/div>\n\n\n\n<div class=\"wp-block-uagb-container uagb-block-bf05e3ec\">\n<p class=\"has-text-align-left has-ast-global-color-5-color has-text-color\">Satisfacer las necesidades empresariales en servicios y soluciones de log\u00edstica integral, brindando<br>servicios especializados de alto grado de seguridad, calidad y cumplimiento, reduciendo tiempos,<br>riesgo, costos y garantizando el bienestar y satisfacci\u00f3n de nuestros clientes.<\/p>\n<\/div>\n<\/div>\n\n\n\n<div class=\"wp-block-group is-content-justification-center is-nowrap is-layout-flex wp-container-2\">\n<div class=\"wp-block-uagb-container uagb-block-64f18c31\">\n<div class=\"wp-block-uagb-advanced-heading uagb-block-300b4b5c\"><h1 class=\"uagb-heading-text\"><strong>Visi\u00f3n<\/strong><\/h1><\/div>\n<\/div>\n\n\n\n<div class=\"wp-block-uagb-container uagb-block-870f0c56\">\n<p class=\"has-ast-global-color-5-color has-text-color\">Ser reconocida como una empresa l\u00edder en servicios log\u00edsticos de transporte y manipulaci\u00f3n de<br>carga, caracterizada por su calidad, seguridad, cumplimiento e innovaci\u00f3n, promoviendo el<br>bienestar de sus colaboradores y siendo la mejor opci\u00f3n para nuestros clientes.<\/p>\n<\/div>\n<\/div>\n<\/div><\/div>\n\n\n\n<div class=\"wp-block-uagb-container uagb-block-c2fe9e52 alignfull uagb-is-root-container\"><div class=\"uagb-container-inner-blocks-wrap\">\n<div class=\"wp-block-group is-nowrap is-layout-flex wp-container-3\">\n<div class=\"wp-block-uagb-container uagb-block-22c401f4\">\n<p class=\"has-text-align-center\" style=\"font-size:25px\">Desde 2023 nos posicionan como un aliado confiable<\/p>\n<\/div>\n\n\n\n<div class=\"wp-block-uagb-container uagb-block-558f15bb\">\n<p class=\"has-text-align-center\" style=\"font-size:25px\">Trabajamos con compromiso para garantizar excelencia y resultados en los procesos de comercio exterior<\/p>\n<\/div>\n\n\n\n<div class=\"wp-block-uagb-container uagb-block-097d3b1a\">\n<p class=\"has-text-align-center\" style=\"font-size:25px\">Nuestro equipo de profesionales tiene a\u00f1os de experiencia y est\u00e1 listo para brindarte soluciones de alto nivel<\/p>\n<\/div>\n<\/div>\n<\/div><\/div>\n\n\n\n<div class=\"wp-block-uagb-container uagb-block-f204c37b alignfull uagb-is-root-container\"><div class=\"uagb-container-inner-blocks-wrap\">\n<div class=\"wp-block-uagb-container uagb-block-59d5876f\">\n<div class=\"wp-block-uagb-advanced-heading uagb-block-81f22146\"><h2 class=\"uagb-heading-text\">Nuestra oficina<\/h2><\/div>\n\n\n\t\t\t<div \n\t\t\tclass=\"wp-block-uagb-google-map uagb-google-map__wrap uagb-block-da0f2282     \"\n\t\t\tstyle=\"\" >\n\t\t\t\t<iframe\n\t\t\t\t\tclass=\"uagb-google-map__iframe\"\n\t\t\t\t\ttitle=\"Google Map for \"\n\t\t\t\t\tsrc=\"https:\/\/maps.google.com\/maps?q=CR%2099%20N%2025%20C-31%2C%20BOGOT%C3%81%2CCOLOMBIA&#038;z=14&#038;hl=en&#038;t=m&#038;output=embed&#038;iwloc=near\"\n\t\t\t\t\twidth=\"640\"\n\t\t\t\t\theight=\"300\"\n\t\t\t\t\tloading=\"lazy\"\n\t\t\t\t><\/iframe>\n\t\t\t<\/div>\n\t\t\t<\/div>\n\n\n\n<div class=\"wp-block-uagb-container uagb-block-88c99b12 alignfull uagb-is-root-container\"><div class=\"uagb-container-inner-blocks-wrap\">\n<div class=\"wp-block-uagb-container uagb-block-8659fbdd\">\n<div class=\"wp-block-uagb-advanced-heading uagb-block-78790a1f\"><h4 class=\"uagb-heading-text\">Nuestras redes sociales<\/h4><\/div>\n<\/div>\n\n\n\n<div class=\"wp-block-group is-nowrap is-layout-flex wp-container-4\">\n<div class=\"wp-block-uagb-icon uagb-block-fe0cbee1 uagb-icon-wrapper\"><span class=\"uagb-svg-wrapper\"><a rel=\"noopener noreferrer\" href=\"https:\/\/www.whatsapp.com\/?lang=es_LA\" target=\"_self\"><svg xmlns=\"https:\/\/www.w3.org\/2000\/svg\" viewBox=\"0 0 448 512\"><path d=\"M380.9 97.1C339 55.1 283.2 32 223.9 32c-122.4 0-222 99.6-222 222 0 39.1 10.2 77.3 29.6 111L0 480l117.7-30.9c32.4 17.7 68.9 27 106.1 27h.1c122.3 0 224.1-99.6 224.1-222 0-59.3-25.2-115-67.1-157zm-157 341.6c-33.2 0-65.7-8.9-94-25.7l-6.7-4-69.8 18.3L72 359.2l-4.4-7c-18.5-29.4-28.2-63.3-28.2-98.2 0-101.7 82.8-184.5 184.6-184.5 49.3 0 95.6 19.2 130.4 54.1 34.8 34.9 56.2 81.2 56.1 130.5 0 101.8-84.9 184.6-186.6 184.6zm101.2-138.2c-5.5-2.8-32.8-16.2-37.9-18-5.1-1.9-8.8-2.8-12.5 2.8-3.7 5.6-14.3 18-17.6 21.8-3.2 3.7-6.5 4.2-12 1.4-32.6-16.3-54-29.1-75.5-66-5.7-9.8 5.7-9.1 16.3-30.3 1.8-3.7 .9-6.9-.5-9.7-1.4-2.8-12.5-30.1-17.1-41.2-4.5-10.8-9.1-9.3-12.5-9.5-3.2-.2-6.9-.2-10.6-.2-3.7 0-9.7 1.4-14.8 6.9-5.1 5.6-19.4 19-19.4 46.3 0 27.3 19.9 53.7 22.6 57.4 2.8 3.7 39.1 59.7 94.8 83.8 35.2 15.2 49 16.5 66.6 13.9 10.7-1.6 32.8-13.4 37.4-26.4 4.6-13 4.6-24.1 3.2-26.4-1.3-2.5-5-3.9-10.5-6.6z\"><\/path><\/svg><\/a><\/span><\/div>\n\n\n\n<div class=\"wp-block-uagb-icon uagb-block-481d49aa uagb-icon-wrapper\"><span class=\"uagb-svg-wrapper\"><a rel=\"noopener noreferrer\" href=\"https:\/\/www.instagram.com\/\" target=\"_self\"><svg xmlns=\"https:\/\/www.w3.org\/2000\/svg\" viewBox=\"0 0 448 512\"><path d=\"M224.1 141c-63.6 0-114.9 51.3-114.9 114.9s51.3 114.9 114.9 114.9S339 319.5 339 255.9 287.7 141 224.1 141zm0 189.6c-41.1 0-74.7-33.5-74.7-74.7s33.5-74.7 74.7-74.7 74.7 33.5 74.7 74.7-33.6 74.7-74.7 74.7zm146.4-194.3c0 14.9-12 26.8-26.8 26.8-14.9 0-26.8-12-26.8-26.8s12-26.8 26.8-26.8 26.8 12 26.8 26.8zm76.1 27.2c-1.7-35.9-9.9-67.7-36.2-93.9-26.2-26.2-58-34.4-93.9-36.2-37-2.1-147.9-2.1-184.9 0-35.8 1.7-67.6 9.9-93.9 36.1s-34.4 58-36.2 93.9c-2.1 37-2.1 147.9 0 184.9 1.7 35.9 9.9 67.7 36.2 93.9s58 34.4 93.9 36.2c37 2.1 147.9 2.1 184.9 0 35.9-1.7 67.7-9.9 93.9-36.2 26.2-26.2 34.4-58 36.2-93.9 2.1-37 2.1-147.8 0-184.8zM398.8 388c-7.8 19.6-22.9 34.7-42.6 42.6-29.5 11.7-99.5 9-132.1 9s-102.7 2.6-132.1-9c-19.6-7.8-34.7-22.9-42.6-42.6-11.7-29.5-9-99.5-9-132.1s-2.6-102.7 9-132.1c7.8-19.6 22.9-34.7 42.6-42.6 29.5-11.7 99.5-9 132.1-9s102.7-2.6 132.1 9c19.6 7.8 34.7 22.9 42.6 42.6 11.7 29.5 9 99.5 9 132.1s2.7 102.7-9 132.1z\"><\/path><\/svg><\/a><\/span><\/div>\n\n\n\n<div class=\"wp-block-uagb-icon uagb-block-1b1d57df uagb-icon-wrapper\"><span class=\"uagb-svg-wrapper\"><a rel=\"noopener noreferrer\" href=\"https:\/\/www.facebook.com\/login\/?next=https%3A%2F%2Fwww.facebook.com%2F\" target=\"_self\"><svg xmlns=\"https:\/\/www.w3.org\/2000\/svg\" viewBox=\"0 0 512 512\"><path d=\"M504 256C504 119 393 8 256 8S8 119 8 256c0 123.8 90.69 226.4 209.3 245V327.7h-63V256h63v-54.64c0-62.15 37-96.48 93.67-96.48 27.14 0 55.52 4.84 55.52 4.84v61h-31.28c-30.8 0-40.41 19.12-40.41 38.73V256h68.78l-11 71.69h-57.78V501C413.3 482.4 504 379.8 504 256z\"><\/path><\/svg><\/a><\/span><\/div>\n<\/div>\n<\/div><\/div>\n<\/div><\/div>\n","protected":false},"excerpt":{"rendered":"<p>World Cargo Business Log Somos una empresa colombiana comprometida con la prestaci\u00f3n de servicios de apoyo en operaciones log\u00edsticas a nivel nacional e internacional. Nuestro enfoque abarca la manipulaci\u00f3n de carga y la gesti\u00f3n integral de la cadena log\u00edstica del transporte de mercanc\u00edas. Contamos con un equipo altamente calificado y especializado en todas las \u00e1reas, [&hellip;]<\/p>\n","protected":false},"author":1,"featured_media":0,"parent":0,"menu_order":0,"comment_status":"closed","ping_status":"closed","template":"","meta":{"om_disable_all_campaigns":false,"_uag_custom_page_level_css":"","_mi_skip_tracking":false,"_monsterinsights_sitenote_active":false,"_monsterinsights_sitenote_note":"","_monsterinsights_sitenote_category":0,"site-sidebar-layout":"no-sidebar","site-content-layout":"plain-container","ast-site-content-layout":"normal-width-container","site-content-style":"unboxed","site-sidebar-style":"unboxed","ast-global-header-display":"","ast-banner-title-visibility":"","ast-main-header-display":"","ast-hfb-above-header-display":"","ast-hfb-below-header-display":"","ast-hfb-mobile-header-display":"","site-post-title":"disabled","ast-breadcrumbs-content":"","ast-featured-img":"disabled","footer-sml-layout":"","theme-transparent-header-meta":"enabled","adv-header-id-meta":"","stick-header-meta":"","header-above-stick-meta":"","header-main-stick-meta":"","header-below-stick-meta":"","astra-migrate-meta-layouts":"set","ast-page-background-enabled":"default","ast-page-background-meta":{"desktop":{"background-color":"","background-image":"","background-repeat":"repeat","background-position":"center center","background-size":"auto","background-attachment":"scroll","background-type":"","background-media":"","overlay-type":"","overlay-color":"","overlay-opacity":"","overlay-gradient":""},"tablet":{"background-color":"","background-image":"","background-repeat":"repeat","background-position":"center center","background-size":"auto","background-attachment":"scroll","background-type":"","background-media":"","overlay-type":"","overlay-color":"","overlay-opacity":"","overlay-gradient":""},"mobile":{"background-color":"","background-image":"","background-repeat":"repeat","background-position":"center center","background-size":"auto","background-attachment":"scroll","background-type":"","background-media":"","overlay-type":"","overlay-color":"","overlay-opacity":"","overlay-gradient":""}},"ast-content-background-meta":{"desktop":{"background-color":"var(--ast-global-color-5)","background-image":"","background-repeat":"repeat","background-position":"center center","background-size":"auto","background-attachment":"scroll","background-type":"","background-media":"","overlay-type":"","overlay-color":"","overlay-opacity":"","overlay-gradient":""},"tablet":{"background-color":"var(--ast-global-color-5)","background-image":"","background-repeat":"repeat","background-position":"center center","background-size":"auto","background-attachment":"scroll","background-type":"","background-media":"","overlay-type":"","overlay-color":"","overlay-opacity":"","overlay-gradient":""},"mobile":{"background-color":"var(--ast-global-color-5)","background-image":"","background-repeat":"repeat","background-position":"center center","background-size":"auto","background-attachment":"scroll","background-type":"","background-media":"","overlay-type":"","overlay-color":"","overlay-opacity":"","overlay-gradient":""}}},"aioseo_notices":[],"uagb_featured_image_src":{"full":false,"thumbnail":false,"medium":false,"medium_large":false,"large":false,"1536x1536":false,"2048x2048":false,"woocommerce_thumbnail":false,"woocommerce_single":false,"woocommerce_gallery_thumbnail":false},"uagb_author_info":{"display_name":"wcbusinesslog.com","author_link":"https:\/\/wcbusinesslog.com\/index.php\/author\/wcbusinesslog-com\/"},"uagb_comment_info":0,"uagb_excerpt":"World Cargo Business Log Somos una empresa colombiana comprometida con la prestaci\u00f3n de servicios de apoyo en operaciones log\u00edsticas a nivel nacional e internacional. Nuestro enfoque abarca la manipulaci\u00f3n de carga y la gesti\u00f3n integral de la cadena log\u00edstica del transporte de mercanc\u00edas. Contamos con un equipo altamente calificado y especializado en todas las \u00e1reas,&hellip;","_links":{"self":[{"href":"https:\/\/wcbusinesslog.com\/index.php\/wp-json\/wp\/v2\/pages\/908"}],"collection":[{"href":"https:\/\/wcbusinesslog.com\/index.php\/wp-json\/wp\/v2\/pages"}],"about":[{"href":"https:\/\/wcbusinesslog.com\/index.php\/wp-json\/wp\/v2\/types\/page"}],"author":[{"embeddable":true,"href":"https:\/\/wcbusinesslog.com\/index.php\/wp-json\/wp\/v2\/users\/1"}],"replies":[{"embeddable":true,"href":"https:\/\/wcbusinesslog.com\/index.php\/wp-json\/wp\/v2\/comments?post=908"}],"version-history":[{"count":20,"href":"https:\/\/wcbusinesslog.com\/index.php\/wp-json\/wp\/v2\/pages\/908\/revisions"}],"predecessor-version":[{"id":1627,"href":"https:\/\/wcbusinesslog.com\/index.php\/wp-json\/wp\/v2\/pages\/908\/revisions\/1627"}],"wp:attachment":[{"href":"https:\/\/wcbusinesslog.com\/index.php\/wp-json\/wp\/v2\/media?parent=908"}],"curies":[{"name":"wp","href":"https:\/\/api.w.org\/{rel}","templated":true}]}}